{"id":98,"date":"2021-09-02T20:03:48","date_gmt":"2021-09-02T23:03:48","guid":{"rendered":"http:\/\/lcpabalnearios-com-br.umbler.net\/?page_id=98"},"modified":"2021-09-02T20:12:25","modified_gmt":"2021-09-02T23:12:25","slug":"carta-constitutiva","status":"publish","type":"page","link":"https:\/\/lcpabalnearios.com.br\/?page_id=98","title":{"rendered":"Carta  Constitutiva"},"content":{"rendered":"\n<h3 class=\"wp-block-heading\">A carta Constitutiva do Lions Clube Porto Alegre&nbsp; Balne\u00e1rios&nbsp; foi&nbsp; outorgada&nbsp; pelo&nbsp; Presidente Internacional&nbsp;Clarence L. Sturm,&nbsp;em&nbsp; 15 &nbsp;de&nbsp; junho&nbsp;&nbsp; de &nbsp;1960,&nbsp;&nbsp;onde&nbsp; constavam&nbsp; os&nbsp; nomes&nbsp; dos &nbsp;seguintes&nbsp; S\u00f3cios Fundadores:<\/h3>\n\n\n\n<h3 class=\"wp-block-heading\">Abdias Leite Mello, Artur Jo\u00e3o Lavies, Alfredo Schermann, \u00c1lcio Barbosa da Costa e Silva, Dirceu Prates da Cunha, Danilo Lopes, Dalson Machado Ferraz, Dirceu A.Borges, Fernando Gon\u00e7alves, H\u00e9lio Faraco de Azevedo, Hugo Girafa, Israel Schermann, Jos\u00e9 Moll\u00e9, Jo\u00e3o de Deus Batista Escouto, Jayme Gaspar dos Santos, Luiz Marinho de Mello, Luiz Carlos Drumond, Nelson Casemiro Pierini, Ruy Fagundes Loureiro, Ruy Gilberto Garcia, Ralph Furtado de Almeida, Sidney Maurell de Carvalho, S\u00e9rgio Luiz Paulon, Vin\u00edcius Jos\u00e9 T\u00e1vora, Walter F. Kaschny&nbsp;e Wilson Fagundes Corr\u00eaa.&nbsp;<\/h3>\n","protected":false},"excerpt":{"rendered":"<p>A carta Constitutiva do Lions Clube Porto Alegre&nbsp; Balne\u00e1rios&nbsp; foi&nbsp; outorgada&nbsp; pelo&nbsp; Presidente Internacional&nbsp;Clarence L. Sturm,&nbsp;em&nbsp; 15 &nbsp;de&nbsp; junho&nbsp;&nbsp; de &nbsp;1960,&nbsp;&nbsp;onde&nbsp; constavam&nbsp; os&nbsp; nomes&nbsp; dos &nbsp;seguintes&nbsp; S\u00f3cios Fundadores: Abdias Leite Mello, Artur Jo\u00e3o Lavies, Alfredo Schermann, \u00c1lcio Barbosa da Costa e Silva, Dirceu Prates da Cunha, Danilo Lopes, Dalson Machado Ferraz, Dirceu A.Borges, Fernando Gon\u00e7alves, &hellip; <a href=\"https:\/\/lcpabalnearios.com.br\/?page_id=98\" class=\"more-link\">Continue reading <span class=\"screen-reader-text\">Carta  Constitutiva<\/span><\/a><\/p>\n","protected":false},"author":1,"featured_media":0,"parent":0,"menu_order":0,"comment_status":"closed","ping_status":"closed","template":"","meta":{"footnotes":""},"_links":{"self":[{"href":"https:\/\/lcpabalnearios.com.br\/index.php?rest_route=\/wp\/v2\/pages\/98"}],"collection":[{"href":"https:\/\/lcpabalnearios.com.br\/index.php?rest_route=\/wp\/v2\/pages"}],"about":[{"href":"https:\/\/lcpabalnearios.com.br\/index.php?rest_route=\/wp\/v2\/types\/page"}],"author":[{"embeddable":true,"href":"https:\/\/lcpabalnearios.com.br\/index.php?rest_route=\/wp\/v2\/users\/1"}],"replies":[{"embeddable":true,"href":"https:\/\/lcpabalnearios.com.br\/index.php?rest_route=%2Fwp%2Fv2%2Fcomments&post=98"}],"version-history":[{"count":2,"href":"https:\/\/lcpabalnearios.com.br\/index.php?rest_route=\/wp\/v2\/pages\/98\/revisions"}],"predecessor-version":[{"id":106,"href":"https:\/\/lcpabalnearios.com.br\/index.php?rest_route=\/wp\/v2\/pages\/98\/revisions\/106"}],"wp:attachment":[{"href":"https:\/\/lcpabalnearios.com.br\/index.php?rest_route=%2Fwp%2Fv2%2Fmedia&parent=98"}],"curies":[{"name":"wp","href":"https:\/\/api.w.org\/{rel}","templated":true}]}}