{"id":95,"date":"2021-09-02T20:03:20","date_gmt":"2021-09-02T23:03:20","guid":{"rendered":"http:\/\/lcpabalnearios-com-br.umbler.net\/?page_id=95"},"modified":"2021-09-02T20:03:20","modified_gmt":"2021-09-02T23:03:20","slug":"codigo-de-etica","status":"publish","type":"page","link":"https:\/\/lcpabalnearios.com.br\/?page_id=95","title":{"rendered":"C\u00f3digo de \u00c9tica"},"content":{"rendered":"\n<h4 class=\"wp-block-heading\"><strong>DEMONSTRAR&nbsp; f\u00e9&nbsp;nos m\u00e9ritos da minha profiss\u00e3o, esfor\u00e7ando-me para conseguir honrosa reputa\u00e7\u00e3o, merc\u00ea da excel\u00eancia dos meus servi\u00e7os.&nbsp;&nbsp;<\/strong><\/h4>\n\n\n\n<h4 class=\"wp-block-heading\"><strong>&nbsp;&nbsp;&nbsp;&nbsp; LUTAR pelo \u00eaxito&nbsp;e pleitear&nbsp;toda remunera\u00e7\u00e3o ou lucro que equitativa e justamente mere\u00e7a, recusando, por\u00e9m, aqueles que possam acarretar diminui\u00e7\u00e3o de minha dignidade, devida a vantagens injustas ou a\u00e7\u00e3o duvidosa.&nbsp;&nbsp;&nbsp;&nbsp;<\/strong><\/h4>\n\n\n\n<h4 class=\"wp-block-heading\"><strong>&nbsp;&nbsp;&nbsp; LEMBRAR que, para ser bem sucedido nos neg\u00f3cios ou empreendimentos, n\u00e3o \u00e9 necess\u00e1rio destruir os dos outros. Ser leal com os clientes e sincero comigo mesmo.&nbsp;&nbsp;<\/strong><\/h4>\n\n\n\n<h4 class=\"wp-block-heading\"><strong>&nbsp;&nbsp;&nbsp;&nbsp;&nbsp;&nbsp;DECIDIR contra mim, em caso de d\u00favida, quanto ao direito ou a \u00e9tica&nbsp;de meus atos perante o meu pr\u00f3ximo.<\/strong><\/h4>\n\n\n\n<h4 class=\"wp-block-heading\"><strong>&nbsp;&nbsp;&nbsp;&nbsp;&nbsp;&nbsp; PRATICAR a amizade&nbsp; como um fim e n\u00e3o como um meio. Sustentar que a verdadeira amizade n\u00e3o \u00e9 o resultado de favores mutuamente prestados, dado que n\u00e3o requer retribui\u00e7\u00e3o, pois recebe benef\u00edcios com o mesmo esp\u00edrito desinteressado com que os d\u00e1.<\/strong><\/h4>\n\n\n\n<h4 class=\"wp-block-heading\"><strong>&nbsp;&nbsp;&nbsp;&nbsp;&nbsp;&nbsp; TER sempre presente meus deveres de cidad\u00e3o para com a minha localidade, meu Estado e meu Pa\u00eds, sendo-lhes constantemente leal em pensamentos, palavras e obras, dedicando-lhes desinteressadamente meu tempo, meu trabalho e meus recursos.<\/strong><\/h4>\n\n\n\n<h4 class=\"wp-block-heading\"><strong>&nbsp;&nbsp;&nbsp;&nbsp;&nbsp;&nbsp;&nbsp; AJUDAR o pr\u00f3ximo, consolando o aflito, fortalecendo o d\u00e9bil e socorrendo o necesitado,<\/strong><\/h4>\n\n\n\n<h4 class=\"wp-block-heading\"><strong>&nbsp;&nbsp;&nbsp;&nbsp;&nbsp;&nbsp; SER comedido na cr\u00edtica e generoso no elogio. Construir e n\u00e3o destruir.<\/strong><\/h4>\n","protected":false},"excerpt":{"rendered":"<p>DEMONSTRAR&nbsp; f\u00e9&nbsp;nos m\u00e9ritos da minha profiss\u00e3o, esfor\u00e7ando-me para conseguir honrosa reputa\u00e7\u00e3o, merc\u00ea da excel\u00eancia dos meus servi\u00e7os.&nbsp;&nbsp; &nbsp;&nbsp;&nbsp;&nbsp; LUTAR pelo \u00eaxito&nbsp;e pleitear&nbsp;toda remunera\u00e7\u00e3o ou lucro que equitativa e justamente mere\u00e7a, recusando, por\u00e9m, aqueles que possam acarretar diminui\u00e7\u00e3o de minha dignidade, devida a vantagens injustas ou a\u00e7\u00e3o duvidosa.&nbsp;&nbsp;&nbsp;&nbsp; &nbsp;&nbsp;&nbsp; LEMBRAR que, para ser bem sucedido nos &hellip; <a href=\"https:\/\/lcpabalnearios.com.br\/?page_id=95\" class=\"more-link\">Continue reading <span class=\"screen-reader-text\">C\u00f3digo de \u00c9tica<\/span><\/a><\/p>\n","protected":false},"author":1,"featured_media":0,"parent":0,"menu_order":0,"comment_status":"closed","ping_status":"closed","template":"","meta":{"footnotes":""},"_links":{"self":[{"href":"https:\/\/lcpabalnearios.com.br\/index.php?rest_route=\/wp\/v2\/pages\/95"}],"collection":[{"href":"https:\/\/lcpabalnearios.com.br\/index.php?rest_route=\/wp\/v2\/pages"}],"about":[{"href":"https:\/\/lcpabalnearios.com.br\/index.php?rest_route=\/wp\/v2\/types\/page"}],"author":[{"embeddable":true,"href":"https:\/\/lcpabalnearios.com.br\/index.php?rest_route=\/wp\/v2\/users\/1"}],"replies":[{"embeddable":true,"href":"https:\/\/lcpabalnearios.com.br\/index.php?rest_route=%2Fwp%2Fv2%2Fcomments&post=95"}],"version-history":[{"count":1,"href":"https:\/\/lcpabalnearios.com.br\/index.php?rest_route=\/wp\/v2\/pages\/95\/revisions"}],"predecessor-version":[{"id":97,"href":"https:\/\/lcpabalnearios.com.br\/index.php?rest_route=\/wp\/v2\/pages\/95\/revisions\/97"}],"wp:attachment":[{"href":"https:\/\/lcpabalnearios.com.br\/index.php?rest_route=%2Fwp%2Fv2%2Fmedia&parent=95"}],"curies":[{"name":"wp","href":"https:\/\/api.w.org\/{rel}","templated":true}]}}