{"id":13,"date":"2021-08-31T17:34:30","date_gmt":"2021-08-31T20:34:30","guid":{"rendered":"http:\/\/lcpabalnearios-com-br.umbler.net\/?page_id=13"},"modified":"2021-08-31T17:44:09","modified_gmt":"2021-08-31T20:44:09","slug":"historico","status":"publish","type":"page","link":"https:\/\/lcpabalnearios.com.br\/?page_id=13","title":{"rendered":"Hist\u00f3rico"},"content":{"rendered":"\n<p>UM CLUBE LONGEVO<\/p>\n\n\n\n<p><br>Entre as circunst\u00e2ncias que qualificam um Clube de Lions, uma tem significado especial? seu tempo de funda\u00e7\u00e3o e sobreviv\u00eancia. O que se deve indagar, pois, \u00e9 por que uns sobrevivem e outros n\u00e3o? <br>Como sou fundador do LCPA Balne\u00e1rios, l\u00e1 nos idos de 1960 constitu\u00edmos um grupo de classe m\u00e9dia, muitos dos integrantes extremamente qualificados, pelo que nesses quase cinq\u00fcenta anos, tenho sido um observador atento e privilegiado.<br>Sem nenhuma d\u00favida o grupo era composto por homens que desfrutavam respeito na comunidade.<br>Nenhuma estrela, mas todos, mais ou menos bem situados na escala social e profissional.<br>Isso foi muito importante.<br>Houve sim uma \u00fanica pe\u00e7a destoante, mas que em face das restri\u00e7\u00f5es que lhe foram impostas auto excluiu-se.<br>No mais, excelente conv\u00edvio.<br>Ent\u00e3o, a primeira circunst\u00e2ncia relevante para determinar a sobreviv\u00eancia est\u00e1 na identidade que existia j\u00e1 quando da funda\u00e7\u00e3o e que foi mantida no decorrer do tempo.<br>A segunda circunst\u00e2ncia \u00e9 que n\u00e3o se deve admitir estrelismos, elemento fundamentalmente capaz de causar distor\u00e7\u00f5es e dissocia\u00e7\u00f5es.<br>A terceira circunst\u00e2ncia \u00e9 que todas as decis\u00f5es sejam tomadas de comum acordo, o que importa em respeito m\u00fatuo.<br>Ningu\u00e9m deve impor pontos de vista e os cinco governadores e logo ser\u00e3o seis, que fazem parte do Clube, n\u00e3o exercem nenhuma preponder\u00e2ncia, salvo aquelas que s\u00e3o consequ\u00eancia do bom senso e do exerc\u00edcio da experi\u00eancia.<br>A quarta circunst\u00e2ncia \u00e9 que o clube se faz presente em todos os eventos leon\u00edsticos. Comit\u00eas Assessores, Distritais, Conven\u00e7\u00f5es e Folacs.<br>Assim, \u00e9 um clube participante.<br>A quinta circunst\u00e2ncia \u00e9 que o Clube n\u00e3o se envolve em conchavos e em baixa pol\u00edtica, que consiste na troca de favores, aquela que repudiamos em todas as esferas da administra\u00e7\u00e3o p\u00fablica.<br>Esta linha de comportamento, importa no culto da \u00e9tica, elemento moral que determina respeitoso conv\u00edvio e explica porque quando nos encontramos religiosamente, a cada quinze dias, nossos apertos de m\u00e3o e abra\u00e7os, s\u00e3o a melhor express\u00e3o da sinceridade que valoriza o \u201cServir Desinteressadamente\u201d.<\/p>\n\n\n\n<p>PDG HELIO FARACO DE AZEVEDO<\/p>\n","protected":false},"excerpt":{"rendered":"<p>UM CLUBE LONGEVO Entre as circunst\u00e2ncias que qualificam um Clube de Lions, uma tem significado especial? seu tempo de funda\u00e7\u00e3o e sobreviv\u00eancia. O que se deve indagar, pois, \u00e9 por que uns sobrevivem e outros n\u00e3o? Como sou fundador do LCPA Balne\u00e1rios, l\u00e1 nos idos de 1960 constitu\u00edmos um grupo de classe m\u00e9dia, muitos dos &hellip; <a href=\"https:\/\/lcpabalnearios.com.br\/?page_id=13\" class=\"more-link\">Continue reading <span class=\"screen-reader-text\">Hist\u00f3rico<\/span><\/a><\/p>\n","protected":false},"author":1,"featured_media":0,"parent":0,"menu_order":0,"comment_status":"closed","ping_status":"closed","template":"","meta":{"footnotes":""},"_links":{"self":[{"href":"https:\/\/lcpabalnearios.com.br\/index.php?rest_route=\/wp\/v2\/pages\/13"}],"collection":[{"href":"https:\/\/lcpabalnearios.com.br\/index.php?rest_route=\/wp\/v2\/pages"}],"about":[{"href":"https:\/\/lcpabalnearios.com.br\/index.php?rest_route=\/wp\/v2\/types\/page"}],"author":[{"embeddable":true,"href":"https:\/\/lcpabalnearios.com.br\/index.php?rest_route=\/wp\/v2\/users\/1"}],"replies":[{"embeddable":true,"href":"https:\/\/lcpabalnearios.com.br\/index.php?rest_route=%2Fwp%2Fv2%2Fcomments&post=13"}],"version-history":[{"count":2,"href":"https:\/\/lcpabalnearios.com.br\/index.php?rest_route=\/wp\/v2\/pages\/13\/revisions"}],"predecessor-version":[{"id":16,"href":"https:\/\/lcpabalnearios.com.br\/index.php?rest_route=\/wp\/v2\/pages\/13\/revisions\/16"}],"wp:attachment":[{"href":"https:\/\/lcpabalnearios.com.br\/index.php?rest_route=%2Fwp%2Fv2%2Fmedia&parent=13"}],"curies":[{"name":"wp","href":"https:\/\/api.w.org\/{rel}","templated":true}]}}