{"id":112,"date":"2021-09-02T20:49:55","date_gmt":"2021-09-02T23:49:55","guid":{"rendered":"http:\/\/lcpabalnearios-com-br.umbler.net\/?page_id=112"},"modified":"2021-11-09T17:39:41","modified_gmt":"2021-11-09T20:39:41","slug":"associe-se","status":"publish","type":"page","link":"https:\/\/lcpabalnearios.com.br\/?page_id=112","title":{"rendered":"Associe-se"},"content":{"rendered":"\n<p>&nbsp;<strong>O QUE \u00c9 SER LE\u00c3O?<\/strong><\/p>\n\n\n\n<p>Os&nbsp;&nbsp;S\u00f3cios de um Lions Clube s\u00e3o homens e mulheres que se esfor\u00e7am para fazer a diferen\u00e7a em sua comunidade local , bem como em comunidade ao redor do mundo.&nbsp;&nbsp;Seus&nbsp; esfor\u00e7os &nbsp;volunt\u00e1rios &nbsp;v\u00e3o al\u00e9m do apoio aos tratamentos de vis\u00e3o,&nbsp;abrangendo tamb\u00e9m as necessidades &nbsp;n\u00e3o &nbsp;atendidas nos campos da sa\u00fade e da educa\u00e7\u00e3o em todo mundo.&nbsp;<\/p>\n\n\n\n<p><strong>POR QUE DEVO ME TORNAR UM LE\u00c3O?<\/strong><\/p>\n\n\n\n<p>Como s\u00f3cio de um Lions Clube,&nbsp;voc\u00ea pode:<\/p>\n\n\n\n<ul><li>fazer a diferen\u00e7a todos os dias em sua comunidade;<\/li><li>oferecer apoio local ou&nbsp;aproximar-se internacionalmente;<\/li><li>crescer pessoal e profissionalmente, participando de nossos programas, projetos e&nbsp; eventos de servi\u00e7o comunit\u00e1rio;<\/li><li>ter impacto em quest\u00f5es humanit\u00e1rias locais&nbsp;e internacionais;&nbsp;<\/li><li>desenvolver relacionamento com l\u00edderes comunit\u00e1rios e&nbsp;empres\u00e1rios.<\/li><\/ul>\n\n\n\n<p><strong>INTERESSADO EM TORNAR-SE UM S\u00d3CIO?<\/strong><\/p>\n\n\n\n<p>Entre em contato com o\u00a0LIONS CLUBE PORTO ALEGRE BALNE\u00c1RIOS\u00a0\u00a0atrav\u00e9s do e-mail\u00a0:\u00a0\u00a0<a href=\"mailto:lcpoablane%C3%A1rios@gmail.com\">lcpoabalnearios@gmail.com<\/a>\u00a0<\/p>\n","protected":false},"excerpt":{"rendered":"<p>&nbsp;O QUE \u00c9 SER LE\u00c3O? Os&nbsp;&nbsp;S\u00f3cios de um Lions Clube s\u00e3o homens e mulheres que se esfor\u00e7am para fazer a diferen\u00e7a em sua comunidade local , bem como em comunidade ao redor do mundo.&nbsp;&nbsp;Seus&nbsp; esfor\u00e7os &nbsp;volunt\u00e1rios &nbsp;v\u00e3o al\u00e9m do apoio aos tratamentos de vis\u00e3o,&nbsp;abrangendo tamb\u00e9m as necessidades &nbsp;n\u00e3o &nbsp;atendidas nos campos da sa\u00fade e da &hellip; <a href=\"https:\/\/lcpabalnearios.com.br\/?page_id=112\" class=\"more-link\">Continue reading <span class=\"screen-reader-text\">Associe-se<\/span><\/a><\/p>\n","protected":false},"author":1,"featured_media":0,"parent":0,"menu_order":0,"comment_status":"closed","ping_status":"closed","template":"","meta":{"footnotes":""},"_links":{"self":[{"href":"https:\/\/lcpabalnearios.com.br\/index.php?rest_route=\/wp\/v2\/pages\/112"}],"collection":[{"href":"https:\/\/lcpabalnearios.com.br\/index.php?rest_route=\/wp\/v2\/pages"}],"about":[{"href":"https:\/\/lcpabalnearios.com.br\/index.php?rest_route=\/wp\/v2\/types\/page"}],"author":[{"embeddable":true,"href":"https:\/\/lcpabalnearios.com.br\/index.php?rest_route=\/wp\/v2\/users\/1"}],"replies":[{"embeddable":true,"href":"https:\/\/lcpabalnearios.com.br\/index.php?rest_route=%2Fwp%2Fv2%2Fcomments&post=112"}],"version-history":[{"count":2,"href":"https:\/\/lcpabalnearios.com.br\/index.php?rest_route=\/wp\/v2\/pages\/112\/revisions"}],"predecessor-version":[{"id":196,"href":"https:\/\/lcpabalnearios.com.br\/index.php?rest_route=\/wp\/v2\/pages\/112\/revisions\/196"}],"wp:attachment":[{"href":"https:\/\/lcpabalnearios.com.br\/index.php?rest_route=%2Fwp%2Fv2%2Fmedia&parent=112"}],"curies":[{"name":"wp","href":"https:\/\/api.w.org\/{rel}","templated":true}]}}